{"id":826,"date":"2024-03-06T16:41:00","date_gmt":"2024-03-06T21:41:00","guid":{"rendered":"https:\/\/agenciajantravel.com\/?page_id=826"},"modified":"2024-03-06T16:41:02","modified_gmt":"2024-03-06T21:41:02","slug":"codigo-de-conducta","status":"publish","type":"page","link":"https:\/\/agenciajantravel.com\/en\/codigo-de-conducta\/","title":{"rendered":"C\u00d3DIGO DE CONDUCTA"},"content":{"rendered":"<p>Con el fin de contrarrestar la explotaci\u00f3n, la pornograf\u00eda y el turismo sexual con ni\u00f1os, ni\u00f1as y adolescentes, <strong>JAN TRAVEL &nbsp;SAS<\/strong> en cumplimiento de la Ley 679 de 2001, la ley 1336 de 2009 y la resoluci\u00f3n 3840 de 2009, nos comprometemos con las siguientes obligaciones legales:<\/p>\n\n\n\n<ul class=\"wp-block-list\">\n<li>Abstenernos de ofrecer en los programas de promoci\u00f3n tur\u00edstica y en planes tur\u00edsticos, expresa o subrepticiamente, planes de explotaci\u00f3n sexual de menores.<\/li>\n<\/ul>\n\n\n\n<ul class=\"wp-block-list\">\n<li>Adoptar las medidas tendientes a impedir que los trabajadores de <strong>JAN TRAVEL SAS<\/strong> dependientes o intermediarios, ofrezcan servicios tur\u00edsticos que incluyan contactos sexuales con menores de edad.<\/li>\n<\/ul>\n\n\n\n<ul class=\"wp-block-list\">\n<li>Proteger a los menores de edad nacionales o extranjeros de toda forma de explotaci\u00f3n y violencia sexual originada por turistas nacionales o extranjeros.<\/li>\n<\/ul>\n\n\n\n<ul class=\"wp-block-list\">\n<li>Incorporar en nuestra publicidad tur\u00edstica, informaci\u00f3n sobre las consecuencias legales de la explotaci\u00f3n, la pornograf\u00eda y el turismo sexual con ni\u00f1os, ni\u00f1as y adolescentes. (Ley 599 del 2000)<\/li>\n<\/ul>\n\n\n\n<ul class=\"wp-block-list\">\n<li>Nos Abstenernos de dar informaci\u00f3n a los turistas, directamente o por intermedio de sus empleados acerca de lugares desde donde se coordinen o donde se presten servicios sexuales con menores de edad.<\/li>\n<\/ul>\n\n\n\n<ul class=\"wp-block-list\">\n<li>Abstenernos de conducir a los turistas a establecimientos o lugares donde se practique la prostituci\u00f3n de menores de edad.<\/li>\n<\/ul>\n\n\n\n<ul class=\"wp-block-list\">\n<li>Abstenernos de conducir a los menores de edad, directamente o por intermedio de los empleados, a los sitios donde se encuentran hospedados los turistas, incluso si se trata de lugares localizados en altamar, con fines de prostituci\u00f3n de menores de edad.<\/li>\n<\/ul>\n\n\n\n<ul class=\"wp-block-list\">\n<li>Abstenernos de arrendar o utilizar veh\u00edculos en rutas tur\u00edsticas con fines de prostituci\u00f3n o bares, negocios similares y dem\u00e1s establecimientos tur\u00edsticos con fines de prostituci\u00f3n o de abuso sexual de menores de edad.<\/li>\n<\/ul>\n\n\n\n<ul class=\"wp-block-list\">\n<li>Impedir el ingreso de los menores a los hoteles o lugares de alojamiento y hospedaje, bares, negocios similares y dem\u00e1s establecimientos tur\u00edsticos con fines de prostituci\u00f3n o de abuso sexual a menores de edad.<\/li>\n<\/ul>\n\n\n\n<ul class=\"wp-block-list\">\n<li>Rechazar la explotaci\u00f3n laboral infantil.<\/li>\n<\/ul>\n\n\n\n<ul class=\"wp-block-list\">\n<li>Rechazar la discriminaci\u00f3n de raza o g\u00e9nero.<\/li>\n<\/ul>\n\n\n\n<ul class=\"wp-block-list\">\n<li>Comunicar oportunamente a la polic\u00eda local y\/o autoridades competentes, los casos de comercio sexual con menores que se detecten con los proveedores.<\/li>\n<\/ul>\n\n\n\n<ul class=\"wp-block-list\">\n<li>Solicitamos a los clientes, proveedores, socios y a otras agencias que rechacen la participaci\u00f3n en la explotaci\u00f3n sexual de menores y que informen sobre todos los casos de explotaci\u00f3n sexual de ni\u00f1os de los que tengan conocimiento.<\/li>\n<\/ul>\n\n\n\n<ul class=\"wp-block-list\">\n<li>Denunciar ante el Ministerio de Comercio, Industria y Turismo, la Fiscal\u00eda General de la Naci\u00f3n, el ICBF, y dem\u00e1s organismos competentes, los hechos relacionados con la explotaci\u00f3n sexual de menores de edad.<\/li>\n<\/ul>\n\n\n\n<p><strong>JAN TRAVEL SAS<\/strong> &nbsp;trabajara constantemente en implementar mecanismos de vigilancia, medidas preventivas y correctivas orientadas a evitar la explotaci\u00f3n, la pornograf\u00eda y el turismo sexual con ni\u00f1os, ni\u00f1as y adolescentes.<\/p>\n\n\n\n<p>Nuestro <strong>ESTABLECIMIENTO<\/strong> advierte al cliente que la explotaci\u00f3n, pornograf\u00eda y turismo sexual con ni\u00f1os, ni\u00f1as y adolescentes, ser\u00e1 castigado en nuestro pa\u00eds con pena privativa de la libertad y sanciones de car\u00e1cter pecuniario y administrativo por las autoridades competentes, conforme a las leyes vigentes.<\/p>\n\n\n\n<p><strong>GERENCIA<\/strong><\/p>\n\n\n\n<p><strong>JAN TRAVEL SAS<\/strong><\/p>\n\n\n\n<p><strong>NIT 901.031.088-9<\/strong><\/p>","protected":false},"excerpt":{"rendered":"<p>Con el fin de contrarrestar la explotaci\u00f3n, la pornograf\u00eda y el turismo sexual con ni\u00f1os, ni\u00f1as y adolescentes, JAN TRAVEL &nbsp;SAS en cumplimiento de la Ley 679 de 2001, la ley 1336 de 2009 y la resoluci\u00f3n 3840 de 2009, nos comprometemos con las siguientes obligaciones legales: JAN TRAVEL SAS &nbsp;trabajara constantemente en implementar mecanismos [&hellip;]<\/p>","protected":false},"author":1,"featured_media":0,"parent":0,"menu_order":0,"comment_status":"closed","ping_status":"closed","template":"","meta":{"_acf_changed":false,"_monsterinsights_skip_tracking":false,"_monsterinsights_sitenote_active":false,"_monsterinsights_sitenote_note":"","_monsterinsights_sitenote_category":0,"_joinchat":[],"footnotes":""},"class_list":["post-826","page","type-page","status-publish","hentry"],"acf":[],"yoast_head":"<!-- This site is optimized with the Yoast SEO plugin v26.7 - https:\/\/yoast.com\/wordpress\/plugins\/seo\/ -->\n<title>C\u00d3DIGO DE CONDUCTA - Agencia de Viajes Jan Travel<\/title>\n<meta name=\"robots\" content=\"index, follow, max-snippet:-1, max-image-preview:large, max-video-preview:-1\" \/>\n<link rel=\"canonical\" href=\"https:\/\/agenciajantravel.com\/en\/codigo-de-conducta\/\" \/>\n<meta property=\"og:locale\" content=\"en_US\" \/>\n<meta property=\"og:type\" content=\"article\" \/>\n<meta property=\"og:title\" content=\"C\u00d3DIGO DE CONDUCTA - Agencia de Viajes Jan Travel\" \/>\n<meta property=\"og:description\" content=\"Con el fin de contrarrestar la explotaci\u00f3n, la pornograf\u00eda y el turismo sexual con ni\u00f1os, ni\u00f1as y adolescentes, JAN TRAVEL &nbsp;SAS en cumplimiento de la Ley 679 de 2001, la ley 1336 de 2009 y la resoluci\u00f3n 3840 de 2009, nos comprometemos con las siguientes obligaciones legales: JAN TRAVEL SAS &nbsp;trabajara constantemente en implementar mecanismos [&hellip;]\" \/>\n<meta property=\"og:url\" content=\"https:\/\/agenciajantravel.com\/en\/codigo-de-conducta\/\" \/>\n<meta property=\"og:site_name\" content=\"Agencia de Viajes Jan Travel\" \/>\n<meta property=\"article:modified_time\" content=\"2024-03-06T21:41:02+00:00\" \/>\n<meta name=\"twitter:card\" content=\"summary_large_image\" \/>\n<meta name=\"twitter:label1\" content=\"Est. reading time\" \/>\n\t<meta name=\"twitter:data1\" content=\"3 minutes\" \/>\n<script type=\"application\/ld+json\" class=\"yoast-schema-graph\">{\"@context\":\"https:\/\/schema.org\",\"@graph\":[{\"@type\":\"WebPage\",\"@id\":\"https:\/\/agenciajantravel.com\/codigo-de-conducta\/\",\"url\":\"https:\/\/agenciajantravel.com\/codigo-de-conducta\/\",\"name\":\"C\u00d3DIGO DE CONDUCTA - Agencia de Viajes Jan Travel\",\"isPartOf\":{\"@id\":\"https:\/\/agenciajantravel.com\/#website\"},\"datePublished\":\"2024-03-06T21:41:00+00:00\",\"dateModified\":\"2024-03-06T21:41:02+00:00\",\"breadcrumb\":{\"@id\":\"https:\/\/agenciajantravel.com\/codigo-de-conducta\/#breadcrumb\"},\"inLanguage\":\"en-US\",\"potentialAction\":[{\"@type\":\"ReadAction\",\"target\":[\"https:\/\/agenciajantravel.com\/codigo-de-conducta\/\"]}]},{\"@type\":\"BreadcrumbList\",\"@id\":\"https:\/\/agenciajantravel.com\/codigo-de-conducta\/#breadcrumb\",\"itemListElement\":[{\"@type\":\"ListItem\",\"position\":1,\"name\":\"Portada\",\"item\":\"https:\/\/agenciajantravel.com\/\"},{\"@type\":\"ListItem\",\"position\":2,\"name\":\"C\u00d3DIGO DE CONDUCTA\"}]},{\"@type\":\"WebSite\",\"@id\":\"https:\/\/agenciajantravel.com\/#website\",\"url\":\"https:\/\/agenciajantravel.com\/\",\"name\":\"Agencia de Viajes Jan Travel\",\"description\":\"Viaja, disfruta y vive una vida sin fronteras\",\"publisher\":{\"@id\":\"https:\/\/agenciajantravel.com\/#organization\"},\"potentialAction\":[{\"@type\":\"SearchAction\",\"target\":{\"@type\":\"EntryPoint\",\"urlTemplate\":\"https:\/\/agenciajantravel.com\/?s={search_term_string}\"},\"query-input\":{\"@type\":\"PropertyValueSpecification\",\"valueRequired\":true,\"valueName\":\"search_term_string\"}}],\"inLanguage\":\"en-US\"},{\"@type\":\"Organization\",\"@id\":\"https:\/\/agenciajantravel.com\/#organization\",\"name\":\"Agencia de Viajes Jan Travel\",\"url\":\"https:\/\/agenciajantravel.com\/\",\"logo\":{\"@type\":\"ImageObject\",\"inLanguage\":\"en-US\",\"@id\":\"https:\/\/agenciajantravel.com\/#\/schema\/logo\/image\/\",\"url\":\"https:\/\/agenciajantravel.com\/wp-content\/uploads\/2024\/02\/Logo-Jan-Travel-Nuevo-1.webp\",\"contentUrl\":\"https:\/\/agenciajantravel.com\/wp-content\/uploads\/2024\/02\/Logo-Jan-Travel-Nuevo-1.webp\",\"width\":455,\"height\":180,\"caption\":\"Agencia de Viajes Jan Travel\"},\"image\":{\"@id\":\"https:\/\/agenciajantravel.com\/#\/schema\/logo\/image\/\"}}]}<\/script>\n<!-- \/ Yoast SEO plugin. -->","yoast_head_json":{"title":"C\u00d3DIGO DE CONDUCTA - Agencia de Viajes Jan Travel","robots":{"index":"index","follow":"follow","max-snippet":"max-snippet:-1","max-image-preview":"max-image-preview:large","max-video-preview":"max-video-preview:-1"},"canonical":"https:\/\/agenciajantravel.com\/en\/codigo-de-conducta\/","og_locale":"en_US","og_type":"article","og_title":"C\u00d3DIGO DE CONDUCTA - Agencia de Viajes Jan Travel","og_description":"Con el fin de contrarrestar la explotaci\u00f3n, la pornograf\u00eda y el turismo sexual con ni\u00f1os, ni\u00f1as y adolescentes, JAN TRAVEL &nbsp;SAS en cumplimiento de la Ley 679 de 2001, la ley 1336 de 2009 y la resoluci\u00f3n 3840 de 2009, nos comprometemos con las siguientes obligaciones legales: JAN TRAVEL SAS &nbsp;trabajara constantemente en implementar mecanismos [&hellip;]","og_url":"https:\/\/agenciajantravel.com\/en\/codigo-de-conducta\/","og_site_name":"Agencia de Viajes Jan Travel","article_modified_time":"2024-03-06T21:41:02+00:00","twitter_card":"summary_large_image","twitter_misc":{"Est. reading time":"3 minutes"},"schema":{"@context":"https:\/\/schema.org","@graph":[{"@type":"WebPage","@id":"https:\/\/agenciajantravel.com\/codigo-de-conducta\/","url":"https:\/\/agenciajantravel.com\/codigo-de-conducta\/","name":"C\u00d3DIGO DE CONDUCTA - Agencia de Viajes Jan Travel","isPartOf":{"@id":"https:\/\/agenciajantravel.com\/#website"},"datePublished":"2024-03-06T21:41:00+00:00","dateModified":"2024-03-06T21:41:02+00:00","breadcrumb":{"@id":"https:\/\/agenciajantravel.com\/codigo-de-conducta\/#breadcrumb"},"inLanguage":"en-US","potentialAction":[{"@type":"ReadAction","target":["https:\/\/agenciajantravel.com\/codigo-de-conducta\/"]}]},{"@type":"BreadcrumbList","@id":"https:\/\/agenciajantravel.com\/codigo-de-conducta\/#breadcrumb","itemListElement":[{"@type":"ListItem","position":1,"name":"Portada","item":"https:\/\/agenciajantravel.com\/"},{"@type":"ListItem","position":2,"name":"C\u00d3DIGO DE CONDUCTA"}]},{"@type":"WebSite","@id":"https:\/\/agenciajantravel.com\/#website","url":"https:\/\/agenciajantravel.com\/","name":"Agencia de Viajes Jan Travel","description":"Travel, enjoy and live a life without frontiers","publisher":{"@id":"https:\/\/agenciajantravel.com\/#organization"},"potentialAction":[{"@type":"SearchAction","target":{"@type":"EntryPoint","urlTemplate":"https:\/\/agenciajantravel.com\/?s={search_term_string}"},"query-input":{"@type":"PropertyValueSpecification","valueRequired":true,"valueName":"search_term_string"}}],"inLanguage":"en-US"},{"@type":"Organization","@id":"https:\/\/agenciajantravel.com\/#organization","name":"Agencia de Viajes Jan Travel","url":"https:\/\/agenciajantravel.com\/","logo":{"@type":"ImageObject","inLanguage":"en-US","@id":"https:\/\/agenciajantravel.com\/#\/schema\/logo\/image\/","url":"https:\/\/agenciajantravel.com\/wp-content\/uploads\/2024\/02\/Logo-Jan-Travel-Nuevo-1.webp","contentUrl":"https:\/\/agenciajantravel.com\/wp-content\/uploads\/2024\/02\/Logo-Jan-Travel-Nuevo-1.webp","width":455,"height":180,"caption":"Agencia de Viajes Jan Travel"},"image":{"@id":"https:\/\/agenciajantravel.com\/#\/schema\/logo\/image\/"}}]}},"_links":{"self":[{"href":"https:\/\/agenciajantravel.com\/en\/wp-json\/wp\/v2\/pages\/826","targetHints":{"allow":["GET"]}}],"collection":[{"href":"https:\/\/agenciajantravel.com\/en\/wp-json\/wp\/v2\/pages"}],"about":[{"href":"https:\/\/agenciajantravel.com\/en\/wp-json\/wp\/v2\/types\/page"}],"author":[{"embeddable":true,"href":"https:\/\/agenciajantravel.com\/en\/wp-json\/wp\/v2\/users\/1"}],"replies":[{"embeddable":true,"href":"https:\/\/agenciajantravel.com\/en\/wp-json\/wp\/v2\/comments?post=826"}],"version-history":[{"count":0,"href":"https:\/\/agenciajantravel.com\/en\/wp-json\/wp\/v2\/pages\/826\/revisions"}],"wp:attachment":[{"href":"https:\/\/agenciajantravel.com\/en\/wp-json\/wp\/v2\/media?parent=826"}],"curies":[{"name":"wp","href":"https:\/\/api.w.org\/{rel}","templated":true}]}}