{"id":85,"date":"2024-02-19T16:38:24","date_gmt":"2024-02-19T21:38:24","guid":{"rendered":"http:\/\/jan-travel-2.local\/?page_id=85"},"modified":"2024-03-06T16:50:51","modified_gmt":"2024-03-06T21:50:51","slug":"sobre-nosotros","status":"publish","type":"page","link":"https:\/\/agenciajantravel.com\/en\/sobre-nosotros\/","title":{"rendered":"About Us"},"content":{"rendered":"<div data-elementor-type=\"wp-page\" data-elementor-id=\"85\" class=\"elementor elementor-85\" data-elementor-post-type=\"page\">\n\t\t\t\t<div class=\"elementor-element elementor-element-ad55b62 e-flex e-con-boxed e-con e-parent\" data-id=\"ad55b62\" data-element_type=\"container\" data-settings=\"{&quot;background_background&quot;:&quot;classic&quot;}\">\n\t\t\t\t\t<div class=\"e-con-inner\">\n\t\t\t\t<div class=\"elementor-element elementor-element-d1c3849 elementor-widget elementor-widget-heading\" data-id=\"d1c3849\" data-element_type=\"widget\" data-widget_type=\"heading.default\">\n\t\t\t\t\t<h3 class=\"elementor-heading-title elementor-size-default\">Our History<\/h3>\t\t\t\t<\/div>\n\t\t\t\t<div class=\"elementor-element elementor-element-d668f7f elementor-widget elementor-widget-heading\" data-id=\"d668f7f\" data-element_type=\"widget\" data-widget_type=\"heading.default\">\n\t\t\t\t\t<h1 class=\"elementor-heading-title elementor-size-default\">A Memorable Journey<\/h1>\t\t\t\t<\/div>\n\t\t\t\t<div class=\"elementor-element elementor-element-06574c7 elementor-widget__width-initial elementor-widget elementor-widget-text-editor\" data-id=\"06574c7\" data-element_type=\"widget\" data-widget_type=\"text-editor.default\">\n\t\t\t\t\t\t\t\t\t<p>With a trajectory that goes back to our beginnings, we stand out for the dedication and passion that drive us. Founded by a visionary team with deep experience in the field of tourism, we have become a reference thanks to more than 12 years of expertise in the organization of groups, air and land excursions.<\/p>\t\t\t\t\t\t\t\t<\/div>\n\t\t\t\t<div class=\"elementor-element elementor-element-b98d475 elementor-widget elementor-widget-image\" data-id=\"b98d475\" data-element_type=\"widget\" data-widget_type=\"image.default\">\n\t\t\t\t\t\t\t\t\t\t\t\t\t\t\t<img fetchpriority=\"high\" decoding=\"async\" width=\"800\" height=\"400\" src=\"https:\/\/agenciajantravel.com\/wp-content\/uploads\/2024\/02\/travel-composition-with-yellow-bag-accessories-front-world-famous-buildings-1024x512.webp\" class=\"elementor-animation-grow attachment-large size-large wp-image-444\" alt=\"\" srcset=\"https:\/\/agenciajantravel.com\/wp-content\/uploads\/2024\/02\/travel-composition-with-yellow-bag-accessories-front-world-famous-buildings-1024x512.webp 1024w, https:\/\/agenciajantravel.com\/wp-content\/uploads\/2024\/02\/travel-composition-with-yellow-bag-accessories-front-world-famous-buildings-600x300.webp 600w, https:\/\/agenciajantravel.com\/wp-content\/uploads\/2024\/02\/travel-composition-with-yellow-bag-accessories-front-world-famous-buildings-300x150.webp 300w, https:\/\/agenciajantravel.com\/wp-content\/uploads\/2024\/02\/travel-composition-with-yellow-bag-accessories-front-world-famous-buildings-768x384.webp 768w, https:\/\/agenciajantravel.com\/wp-content\/uploads\/2024\/02\/travel-composition-with-yellow-bag-accessories-front-world-famous-buildings.webp 1300w\" sizes=\"(max-width: 800px) 100vw, 800px\" \/>\t\t\t\t\t\t\t\t\t\t\t\t\t\t\t<\/div>\n\t\t\t\t\t<\/div>\n\t\t\t\t<\/div>\n\t\t<div class=\"elementor-element elementor-element-52136f0 e-flex e-con-boxed e-con e-parent\" data-id=\"52136f0\" data-element_type=\"container\">\n\t\t\t\t\t<div class=\"e-con-inner\">\n\t\t<div class=\"elementor-element elementor-element-fa67932 e-con-full e-flex e-con e-child\" data-id=\"fa67932\" data-element_type=\"container\" data-settings=\"{&quot;background_background&quot;:&quot;classic&quot;}\">\n\t\t\t\t<div class=\"elementor-element elementor-element-541ab5a elementor-position-top elementor-widget elementor-widget-image-box\" data-id=\"541ab5a\" data-element_type=\"widget\" data-widget_type=\"image-box.default\">\n\t\t\t\t\t<div class=\"elementor-image-box-wrapper\"><figure class=\"elementor-image-box-img\"><img decoding=\"async\" width=\"512\" height=\"512\" src=\"https:\/\/agenciajantravel.com\/wp-content\/uploads\/2024\/02\/pasaporte.png\" class=\"attachment-full size-full wp-image-452\" alt=\"\" srcset=\"https:\/\/agenciajantravel.com\/wp-content\/uploads\/2024\/02\/pasaporte.png 512w, https:\/\/agenciajantravel.com\/wp-content\/uploads\/2024\/02\/pasaporte-300x300.png 300w, https:\/\/agenciajantravel.com\/wp-content\/uploads\/2024\/02\/pasaporte-100x100.png 100w, https:\/\/agenciajantravel.com\/wp-content\/uploads\/2024\/02\/pasaporte-150x150.png 150w\" sizes=\"(max-width: 512px) 100vw, 512px\" \/><\/figure><div class=\"elementor-image-box-content\"><h3 class=\"elementor-image-box-title\">About Us<\/h3><p class=\"elementor-image-box-description\">We are more than a company, we are your partner in adventure, the bridge that connects your dreams with reality. In the heart of Colombia, our history was born as an entity committed to the development and growth of tourism in the region and beyond. We are proud to provide the best service and advice to those who are passionate about discovering wonderful places, as well as to those who have ingrained the culture of vacationing.<\/p><\/div><\/div>\t\t\t\t<\/div>\n\t\t\t\t<\/div>\n\t\t<div class=\"elementor-element elementor-element-ca7bc6c e-con-full e-flex e-con e-child\" data-id=\"ca7bc6c\" data-element_type=\"container\" data-settings=\"{&quot;background_background&quot;:&quot;classic&quot;}\">\n\t\t\t\t<div class=\"elementor-element elementor-element-fe154d4 elementor-position-top elementor-widget elementor-widget-image-box\" data-id=\"fe154d4\" data-element_type=\"widget\" data-widget_type=\"image-box.default\">\n\t\t\t\t\t<div class=\"elementor-image-box-wrapper\"><figure class=\"elementor-image-box-img\"><img decoding=\"async\" width=\"512\" height=\"512\" src=\"https:\/\/agenciajantravel.com\/wp-content\/uploads\/2024\/02\/mapa-1.png\" class=\"attachment-full size-full wp-image-477\" alt=\"\" srcset=\"https:\/\/agenciajantravel.com\/wp-content\/uploads\/2024\/02\/mapa-1.png 512w, https:\/\/agenciajantravel.com\/wp-content\/uploads\/2024\/02\/mapa-1-300x300.png 300w, https:\/\/agenciajantravel.com\/wp-content\/uploads\/2024\/02\/mapa-1-100x100.png 100w, https:\/\/agenciajantravel.com\/wp-content\/uploads\/2024\/02\/mapa-1-150x150.png 150w\" sizes=\"(max-width: 512px) 100vw, 512px\" \/><\/figure><div class=\"elementor-image-box-content\"><h3 class=\"elementor-image-box-title\">Our Purpose<\/h3><p class=\"elementor-image-box-description\">Our mission goes beyond selling travel; it's about quality, safety and trust. From travel and conventions to special events, we strive to meet and exceed our clients' expectations. We pride ourselves on being a leading organization nationwide, relying on our talented human resources and committing to the continuous improvement of our processes.<\/p><\/div><\/div>\t\t\t\t<\/div>\n\t\t\t\t<\/div>\n\t\t<div class=\"elementor-element elementor-element-ad1dd9d e-con-full e-flex e-con e-child\" data-id=\"ad1dd9d\" data-element_type=\"container\" data-settings=\"{&quot;background_background&quot;:&quot;classic&quot;}\">\n\t\t\t\t<div class=\"elementor-element elementor-element-c91211b elementor-position-top elementor-widget elementor-widget-image-box\" data-id=\"c91211b\" data-element_type=\"widget\" data-widget_type=\"image-box.default\">\n\t\t\t\t\t<div class=\"elementor-image-box-wrapper\"><figure class=\"elementor-image-box-img\"><img loading=\"lazy\" decoding=\"async\" width=\"512\" height=\"512\" src=\"https:\/\/agenciajantravel.com\/wp-content\/uploads\/2024\/02\/avion-1.png\" class=\"attachment-full size-full wp-image-478\" alt=\"\" srcset=\"https:\/\/agenciajantravel.com\/wp-content\/uploads\/2024\/02\/avion-1.png 512w, https:\/\/agenciajantravel.com\/wp-content\/uploads\/2024\/02\/avion-1-300x300.png 300w, https:\/\/agenciajantravel.com\/wp-content\/uploads\/2024\/02\/avion-1-100x100.png 100w, https:\/\/agenciajantravel.com\/wp-content\/uploads\/2024\/02\/avion-1-150x150.png 150w\" sizes=\"(max-width: 512px) 100vw, 512px\" \/><\/figure><div class=\"elementor-image-box-content\"><h3 class=\"elementor-image-box-title\">Our Vision<\/h3><p class=\"elementor-image-box-description\">We strive to be recognized as one of the most outstanding organizations in the tourism sector. Our vision is based on the excellence of our services, creating a work model that prioritizes customer satisfaction. We aspire not only to earn the preference of our clients, but also to cultivate their loyalty, building lasting relationships based on trust and the quality of our experiences.<\/p><\/div><\/div>\t\t\t\t<\/div>\n\t\t\t\t<\/div>\n\t\t\t\t\t<\/div>\n\t\t\t\t<\/div>\n\t\t\t\t<\/div>","protected":false},"excerpt":{"rendered":"<p>Nuestra Historia Un Viaje Memorable Con una trayectoria que se remonta a nuestros inicios, nos destacamos por la dedicaci\u00f3n y pasi\u00f3n que nos impulsan. Fundada por un equipo visionario con profunda experiencia en el \u00e1mbito del turismo, nos hemos convertido en un referente gracias a m\u00e1s de 12 a\u00f1os de pericia en la organizaci\u00f3n de [&hellip;]<\/p>","protected":false},"author":1,"featured_media":0,"parent":0,"menu_order":0,"comment_status":"closed","ping_status":"closed","template":"","meta":{"_acf_changed":false,"_monsterinsights_skip_tracking":false,"_monsterinsights_sitenote_active":false,"_monsterinsights_sitenote_note":"","_monsterinsights_sitenote_category":0,"_joinchat":[],"footnotes":""},"class_list":["post-85","page","type-page","status-publish","hentry"],"acf":[],"yoast_head":"<!-- This site is optimized with the Yoast SEO plugin v26.7 - https:\/\/yoast.com\/wordpress\/plugins\/seo\/ -->\n<title>Sobre Nosotros - Agencia de Viajes Jan Travel<\/title>\n<meta name=\"robots\" content=\"index, follow, max-snippet:-1, max-image-preview:large, max-video-preview:-1\" \/>\n<link rel=\"canonical\" href=\"https:\/\/agenciajantravel.com\/en\/sobre-nosotros\/\" \/>\n<meta property=\"og:locale\" content=\"en_US\" \/>\n<meta property=\"og:type\" content=\"article\" \/>\n<meta property=\"og:title\" content=\"Sobre Nosotros - Agencia de Viajes Jan Travel\" \/>\n<meta property=\"og:description\" content=\"Nuestra Historia Un Viaje Memorable Con una trayectoria que se remonta a nuestros inicios, nos destacamos por la dedicaci\u00f3n y pasi\u00f3n que nos impulsan. Fundada por un equipo visionario con profunda experiencia en el \u00e1mbito del turismo, nos hemos convertido en un referente gracias a m\u00e1s de 12 a\u00f1os de pericia en la organizaci\u00f3n de [&hellip;]\" \/>\n<meta property=\"og:url\" content=\"https:\/\/agenciajantravel.com\/en\/sobre-nosotros\/\" \/>\n<meta property=\"og:site_name\" content=\"Agencia de Viajes Jan Travel\" \/>\n<meta property=\"article:modified_time\" content=\"2024-03-06T21:50:51+00:00\" \/>\n<meta property=\"og:image\" content=\"https:\/\/agenciajantravel.com\/wp-content\/uploads\/2024\/02\/travel-composition-with-yellow-bag-accessories-front-world-famous-buildings-1024x512.webp\" \/>\n<meta name=\"twitter:card\" content=\"summary_large_image\" \/>\n<meta name=\"twitter:label1\" content=\"Est. reading time\" \/>\n\t<meta name=\"twitter:data1\" content=\"3 minutes\" \/>\n<script type=\"application\/ld+json\" class=\"yoast-schema-graph\">{\"@context\":\"https:\/\/schema.org\",\"@graph\":[{\"@type\":\"WebPage\",\"@id\":\"https:\/\/agenciajantravel.com\/sobre-nosotros\/\",\"url\":\"https:\/\/agenciajantravel.com\/sobre-nosotros\/\",\"name\":\"Sobre Nosotros - Agencia de Viajes Jan Travel\",\"isPartOf\":{\"@id\":\"https:\/\/agenciajantravel.com\/#website\"},\"primaryImageOfPage\":{\"@id\":\"https:\/\/agenciajantravel.com\/sobre-nosotros\/#primaryimage\"},\"image\":{\"@id\":\"https:\/\/agenciajantravel.com\/sobre-nosotros\/#primaryimage\"},\"thumbnailUrl\":\"https:\/\/agenciajantravel.com\/wp-content\/uploads\/2024\/02\/travel-composition-with-yellow-bag-accessories-front-world-famous-buildings-1024x512.webp\",\"datePublished\":\"2024-02-19T21:38:24+00:00\",\"dateModified\":\"2024-03-06T21:50:51+00:00\",\"breadcrumb\":{\"@id\":\"https:\/\/agenciajantravel.com\/sobre-nosotros\/#breadcrumb\"},\"inLanguage\":\"en-US\",\"potentialAction\":[{\"@type\":\"ReadAction\",\"target\":[\"https:\/\/agenciajantravel.com\/sobre-nosotros\/\"]}]},{\"@type\":\"ImageObject\",\"inLanguage\":\"en-US\",\"@id\":\"https:\/\/agenciajantravel.com\/sobre-nosotros\/#primaryimage\",\"url\":\"https:\/\/agenciajantravel.com\/wp-content\/uploads\/2024\/02\/travel-composition-with-yellow-bag-accessories-front-world-famous-buildings-1024x512.webp\",\"contentUrl\":\"https:\/\/agenciajantravel.com\/wp-content\/uploads\/2024\/02\/travel-composition-with-yellow-bag-accessories-front-world-famous-buildings-1024x512.webp\"},{\"@type\":\"BreadcrumbList\",\"@id\":\"https:\/\/agenciajantravel.com\/sobre-nosotros\/#breadcrumb\",\"itemListElement\":[{\"@type\":\"ListItem\",\"position\":1,\"name\":\"Portada\",\"item\":\"https:\/\/agenciajantravel.com\/\"},{\"@type\":\"ListItem\",\"position\":2,\"name\":\"Sobre Nosotros\"}]},{\"@type\":\"WebSite\",\"@id\":\"https:\/\/agenciajantravel.com\/#website\",\"url\":\"https:\/\/agenciajantravel.com\/\",\"name\":\"Agencia de Viajes Jan Travel\",\"description\":\"Viaja, disfruta y vive una vida sin fronteras\",\"publisher\":{\"@id\":\"https:\/\/agenciajantravel.com\/#organization\"},\"potentialAction\":[{\"@type\":\"SearchAction\",\"target\":{\"@type\":\"EntryPoint\",\"urlTemplate\":\"https:\/\/agenciajantravel.com\/?s={search_term_string}\"},\"query-input\":{\"@type\":\"PropertyValueSpecification\",\"valueRequired\":true,\"valueName\":\"search_term_string\"}}],\"inLanguage\":\"en-US\"},{\"@type\":\"Organization\",\"@id\":\"https:\/\/agenciajantravel.com\/#organization\",\"name\":\"Agencia de Viajes Jan Travel\",\"url\":\"https:\/\/agenciajantravel.com\/\",\"logo\":{\"@type\":\"ImageObject\",\"inLanguage\":\"en-US\",\"@id\":\"https:\/\/agenciajantravel.com\/#\/schema\/logo\/image\/\",\"url\":\"https:\/\/agenciajantravel.com\/wp-content\/uploads\/2024\/02\/Logo-Jan-Travel-Nuevo-1.webp\",\"contentUrl\":\"https:\/\/agenciajantravel.com\/wp-content\/uploads\/2024\/02\/Logo-Jan-Travel-Nuevo-1.webp\",\"width\":455,\"height\":180,\"caption\":\"Agencia de Viajes Jan Travel\"},\"image\":{\"@id\":\"https:\/\/agenciajantravel.com\/#\/schema\/logo\/image\/\"}}]}<\/script>\n<!-- \/ Yoast SEO plugin. -->","yoast_head_json":{"title":"Sobre Nosotros - Agencia de Viajes Jan Travel","robots":{"index":"index","follow":"follow","max-snippet":"max-snippet:-1","max-image-preview":"max-image-preview:large","max-video-preview":"max-video-preview:-1"},"canonical":"https:\/\/agenciajantravel.com\/en\/sobre-nosotros\/","og_locale":"en_US","og_type":"article","og_title":"Sobre Nosotros - Agencia de Viajes Jan Travel","og_description":"Nuestra Historia Un Viaje Memorable Con una trayectoria que se remonta a nuestros inicios, nos destacamos por la dedicaci\u00f3n y pasi\u00f3n que nos impulsan. Fundada por un equipo visionario con profunda experiencia en el \u00e1mbito del turismo, nos hemos convertido en un referente gracias a m\u00e1s de 12 a\u00f1os de pericia en la organizaci\u00f3n de [&hellip;]","og_url":"https:\/\/agenciajantravel.com\/en\/sobre-nosotros\/","og_site_name":"Agencia de Viajes Jan Travel","article_modified_time":"2024-03-06T21:50:51+00:00","og_image":[{"url":"https:\/\/agenciajantravel.com\/wp-content\/uploads\/2024\/02\/travel-composition-with-yellow-bag-accessories-front-world-famous-buildings-1024x512.webp","type":"","width":"","height":""}],"twitter_card":"summary_large_image","twitter_misc":{"Est. reading time":"3 minutes"},"schema":{"@context":"https:\/\/schema.org","@graph":[{"@type":"WebPage","@id":"https:\/\/agenciajantravel.com\/sobre-nosotros\/","url":"https:\/\/agenciajantravel.com\/sobre-nosotros\/","name":"Sobre Nosotros - Agencia de Viajes Jan Travel","isPartOf":{"@id":"https:\/\/agenciajantravel.com\/#website"},"primaryImageOfPage":{"@id":"https:\/\/agenciajantravel.com\/sobre-nosotros\/#primaryimage"},"image":{"@id":"https:\/\/agenciajantravel.com\/sobre-nosotros\/#primaryimage"},"thumbnailUrl":"https:\/\/agenciajantravel.com\/wp-content\/uploads\/2024\/02\/travel-composition-with-yellow-bag-accessories-front-world-famous-buildings-1024x512.webp","datePublished":"2024-02-19T21:38:24+00:00","dateModified":"2024-03-06T21:50:51+00:00","breadcrumb":{"@id":"https:\/\/agenciajantravel.com\/sobre-nosotros\/#breadcrumb"},"inLanguage":"en-US","potentialAction":[{"@type":"ReadAction","target":["https:\/\/agenciajantravel.com\/sobre-nosotros\/"]}]},{"@type":"ImageObject","inLanguage":"en-US","@id":"https:\/\/agenciajantravel.com\/sobre-nosotros\/#primaryimage","url":"https:\/\/agenciajantravel.com\/wp-content\/uploads\/2024\/02\/travel-composition-with-yellow-bag-accessories-front-world-famous-buildings-1024x512.webp","contentUrl":"https:\/\/agenciajantravel.com\/wp-content\/uploads\/2024\/02\/travel-composition-with-yellow-bag-accessories-front-world-famous-buildings-1024x512.webp"},{"@type":"BreadcrumbList","@id":"https:\/\/agenciajantravel.com\/sobre-nosotros\/#breadcrumb","itemListElement":[{"@type":"ListItem","position":1,"name":"Portada","item":"https:\/\/agenciajantravel.com\/"},{"@type":"ListItem","position":2,"name":"Sobre Nosotros"}]},{"@type":"WebSite","@id":"https:\/\/agenciajantravel.com\/#website","url":"https:\/\/agenciajantravel.com\/","name":"Agencia de Viajes Jan Travel","description":"Travel, enjoy and live a life without frontiers","publisher":{"@id":"https:\/\/agenciajantravel.com\/#organization"},"potentialAction":[{"@type":"SearchAction","target":{"@type":"EntryPoint","urlTemplate":"https:\/\/agenciajantravel.com\/?s={search_term_string}"},"query-input":{"@type":"PropertyValueSpecification","valueRequired":true,"valueName":"search_term_string"}}],"inLanguage":"en-US"},{"@type":"Organization","@id":"https:\/\/agenciajantravel.com\/#organization","name":"Agencia de Viajes Jan Travel","url":"https:\/\/agenciajantravel.com\/","logo":{"@type":"ImageObject","inLanguage":"en-US","@id":"https:\/\/agenciajantravel.com\/#\/schema\/logo\/image\/","url":"https:\/\/agenciajantravel.com\/wp-content\/uploads\/2024\/02\/Logo-Jan-Travel-Nuevo-1.webp","contentUrl":"https:\/\/agenciajantravel.com\/wp-content\/uploads\/2024\/02\/Logo-Jan-Travel-Nuevo-1.webp","width":455,"height":180,"caption":"Agencia de Viajes Jan Travel"},"image":{"@id":"https:\/\/agenciajantravel.com\/#\/schema\/logo\/image\/"}}]}},"_links":{"self":[{"href":"https:\/\/agenciajantravel.com\/en\/wp-json\/wp\/v2\/pages\/85","targetHints":{"allow":["GET"]}}],"collection":[{"href":"https:\/\/agenciajantravel.com\/en\/wp-json\/wp\/v2\/pages"}],"about":[{"href":"https:\/\/agenciajantravel.com\/en\/wp-json\/wp\/v2\/types\/page"}],"author":[{"embeddable":true,"href":"https:\/\/agenciajantravel.com\/en\/wp-json\/wp\/v2\/users\/1"}],"replies":[{"embeddable":true,"href":"https:\/\/agenciajantravel.com\/en\/wp-json\/wp\/v2\/comments?post=85"}],"version-history":[{"count":0,"href":"https:\/\/agenciajantravel.com\/en\/wp-json\/wp\/v2\/pages\/85\/revisions"}],"wp:attachment":[{"href":"https:\/\/agenciajantravel.com\/en\/wp-json\/wp\/v2\/media?parent=85"}],"curies":[{"name":"wp","href":"https:\/\/api.w.org\/{rel}","templated":true}]}}